{"id":726,"date":"2021-01-21T22:56:00","date_gmt":"2021-01-21T21:56:00","guid":{"rendered":"http:\/\/www.tecnotrust.eu\/es\/?page_id=726"},"modified":"2022-01-10T21:27:34","modified_gmt":"2022-01-10T20:27:34","slug":"riciclo-di-prodotti-sanitari","status":"publish","type":"page","link":"https:\/\/www.tecnotrust.eu\/es\/riciclo-di-prodotti-sanitari\/","title":{"rendered":"Reciclaje de productos sanitarios"},"content":{"rendered":"<div class=\"fusion-fullwidth fullwidth-box fusion-builder-row-1 fusion-flex-container nonhundred-percent-fullwidth non-hundred-percent-height-scrolling\" style=\"background-color: #f8f8f8;background-position: center center;background-repeat: no-repeat;border-width: 0px 0px 0px 0px;border-color:#eae9e9;border-style:solid;\" ><div class=\"fusion-builder-row fusion-row fusion-flex-align-items-center\" style=\"max-width:1216.8px;margin-left: calc(-4% \/ 2 );margin-right: calc(-4% \/ 2 );\"><div class=\"fusion-layout-column fusion_builder_column fusion-builder-column-0 fusion_builder_column_1_1 1_1 fusion-flex-column\"><div class=\"fusion-column-wrapper fusion-flex-justify-content-center fusion-content-layout-column\" style=\"background-position:left top;background-repeat:no-repeat;-webkit-background-size:cover;-moz-background-size:cover;-o-background-size:cover;background-size:cover;padding: 0px 0px 0px 0px;\"><style type=\"text\/css\">@media only screen and (max-width:1024px) {.fusion-title.fusion-title-1{margin-top:0px!important; margin-right:0px!important;margin-bottom:31px!important;margin-left:0px!important;}}@media only screen and (max-width:640px) {.fusion-title.fusion-title-1{margin-top:0px!important; margin-right:0px!important;margin-bottom:20px!important; margin-left:0px!important;}}<\/style><div class=\"fusion-title title fusion-title-1 fusion-sep-none fusion-title-text fusion-title-size-two\" style=\"margin-top:0px;margin-right:0px;margin-bottom:31px;margin-left:0px;\"><h2 class=\"title-heading-left fusion-responsive-typography-calculated\" style=\"font-family:&#039;Times New Roman&#039;, Times,serif;font-weight:400;margin:0;--fontSize:40;line-height:1.3;\">El Proyecto NDB\u00ae &#8211; New Devices Back\u00ae<\/h2><\/div><div class=\"fusion-separator\" style=\"align-self: flex-start;margin-right:auto;margin-bottom:30px;width:100%;max-width:100px;\"><div class=\"fusion-separator-border sep-single sep-solid\" style=\"border-color:#25afb4;border-top-width:2px;\"><\/div><\/div><div class=\"fusion-text fusion-text-1\" style=\"color:#000000;\"><p><em>Tecno<\/em>Trust tiene un fuerte compromiso con la promoci\u00f3n de buenas pr\u00e1cticas de econom\u00eda circular en cuanto al uso, gesti\u00f3n y reciclaje de los dispositivos de PVC utilizados en la cadena de cateterismo en hospitales e instalaciones sanitarias p\u00fablicas y privadas.<\/p>\n<p><em>Tecno<\/em>Trust participa en la plataforma ICESP (Italian Circular Economy Stakeholder Platform) aqu\u00ed, proponiendo el proyecto NDB\u00ae &#8211; New Devices Back\u00ae, un sistema innovador en una clave de Econom\u00eda Circular para el uso y reutilizaci\u00f3n de dispositivos m\u00e9dicos producidos en PVC como bolsas de orina, bolsas de di\u00e1lisis, bolsas de aspiraci\u00f3n, bolsas de sangre, mascarillas oxigenantes, tubos de conexi\u00f3n. El proyecto protegido por patente y marca registrada.<\/p>\n<p>Se estima que cada a\u00f1o se env\u00edan para incineraci\u00f3n unas diez mil toneladas de dispositivos m\u00e9dicos producidos en PVC en los hospitales italianos. Este hecho da lugar a veinte mil toneladas de CO2 en el aire, con un agravamiento del efecto invernadero y una cantidad importante de dioxinas, incluso diez veces superior al l\u00edmite de 0,4 mg por metro c\u00fabico (Directiva CE 2002\/69 \/ CE). .<\/p>\n<p>Precisamente para contener este grave da\u00f1o ecol\u00f3gico y este importante desperdicio econ\u00f3mico, TecnoTrust se ha marcado el objetivo de cerrar el ciclo, incrementar la protecci\u00f3n de los trabajadores sanitarios y potenciar el pl\u00e1stico y su reutilizaci\u00f3n.<\/p>\n<p><em>Tecno<\/em>Trust puede presidir los siguientes aspectos del cateterismo con el uso de sus productos espec\u00edficos:<\/p>\n<ul>\n<li>Uso de bolsas desechables con almohadillas polim\u00e9ricas (SecureBag),<\/li>\n<li>Suministro de v\u00e1lvulas de conexi\u00f3n cat\u00e9ter \/ bolsa (ProntoValve),<\/li>\n<li>Dispositivos para la recogida y reposici\u00f3n segura de bolsas (ProntoBags),<\/li>\n<li>Uso de m\u00e1quinas para vaciar y desinfectar bolsas (CleanBags D1 y D2),<\/li>\n<li>Definici\u00f3n de nuevos procedimientos para el almacenamiento de PVC recolectado, con ayuda de compactadores.<\/li>\n<\/ul>\n<\/div><div class=\"fusion-separator fusion-full-width-sep\" style=\"align-self: center;margin-left: auto;margin-right: auto;margin-top:7px;width:100%;\"><\/div><div ><span class=\" fusion-imageframe imageframe-none imageframe-1 hover-type-none\"><img decoding=\"async\" width=\"1024\" height=\"724\" title=\"try es\u00f9\" src=\"http:\/\/www.tecnotrust.eu\/es\/wp-content\/uploads\/sites\/9\/2022\/01\/try-esu-1024x724.jpg\" class=\"img-responsive wp-image-1558\" srcset=\"https:\/\/www.tecnotrust.eu\/es\/wp-content\/uploads\/sites\/9\/2022\/01\/try-esu-300x212.jpg 300w, https:\/\/www.tecnotrust.eu\/es\/wp-content\/uploads\/sites\/9\/2022\/01\/try-esu-768x543.jpg 768w, https:\/\/www.tecnotrust.eu\/es\/wp-content\/uploads\/sites\/9\/2022\/01\/try-esu-1024x724.jpg 1024w, https:\/\/www.tecnotrust.eu\/es\/wp-content\/uploads\/sites\/9\/2022\/01\/try-esu-1536x1086.jpg 1536w, https:\/\/www.tecnotrust.eu\/es\/wp-content\/uploads\/sites\/9\/2022\/01\/try-esu-scaled.jpg 2560w\" sizes=\"(max-width: 1024px) 100vw, 1024px\" \/><\/span><\/div><div class=\"fusion-separator fusion-full-width-sep\" style=\"align-self: center;margin-left: auto;margin-right: auto;margin-top:7px;width:100%;\"><\/div><style type=\"text\/css\">@media only screen and (max-width:1024px) {.fusion-title.fusion-title-2{margin-top:0px!important; margin-right:0px!important;margin-bottom:31px!important;margin-left:0px!important;}}@media only screen and (max-width:640px) {.fusion-title.fusion-title-2{margin-top:0px!important; margin-right:0px!important;margin-bottom:20px!important; margin-left:0px!important;}}<\/style><div class=\"fusion-title title fusion-title-2 fusion-sep-none fusion-title-text fusion-title-size-two\" style=\"margin-top:0px;margin-right:0px;margin-bottom:31px;margin-left:0px;\"><h2 class=\"title-heading-left fusion-responsive-typography-calculated\" style=\"margin:0;--fontSize:40;line-height:1.3;\"><em>Clean<\/em>Bags est\u00e1 en el coraz\u00f3n de la Econom\u00eda Circular<\/h2><\/div><div class=\"fusion-separator\" style=\"align-self: flex-start;margin-right:auto;margin-bottom:30px;width:100%;max-width:100px;\"><div class=\"fusion-separator-border sep-single sep-solid\" style=\"border-color:#25afb4;border-top-width:2px;\"><\/div><\/div><div class=\"fusion-text fusion-text-2\"><p>En el centro de este innovador sistema se encuentra el dispositivo m\u00e1s importante propuesto por <em>Tecno<\/em>Trust: <em>Clean<\/em>Bags en las dos versiones D1 y D2.<\/p>\n<p><em>Clean<\/em>Bags D1 y D2, m\u00e1quinas autom\u00e1ticas de accionamiento manual para el vaciado y desinfecci\u00f3n interna de bolsas de orina desechables, los liners quir\u00fargicos y las bolsas de di\u00e1lisis, son dispositivos verdaderamente revolucionarios e innovadores porque permiten por un lado cerrar el ciclo de la cadena de cateterismo, con ventajas evidentes en t\u00e9rminos econ\u00f3micos y ambientales, y por otro lado para aumentar la seguridad de los operadores sanitarios.<\/p>\n<\/div><ul class=\"fusion-checklist fusion-checklist-1\" style=\"font-size:16px;line-height:27.2px;\"><li class=\"fusion-li-item\"><span style=\"height:27.2px;width:27.2px;margin-right:11.2px;\" class=\"icon-wrapper circle-no\"><i class=\"fusion-li-icon fa-arrow-right fas\" style=\"color:#25afb4;\" aria-hidden=\"true\"><\/i><\/span><div class=\"fusion-li-item-content\" style=\"margin-left:38.4px;\">\n<p><strong>Mayor seguridad para los profesionales sanitarios<\/strong><\/p>\n<\/div><\/li><li class=\"fusion-li-item\"><span style=\"height:27.2px;width:27.2px;margin-right:11.2px;\" class=\"icon-wrapper circle-no\"><i class=\"fusion-li-icon fa-arrow-right fas\" style=\"color:#25afb4;\" aria-hidden=\"true\"><\/i><\/span><div class=\"fusion-li-item-content\" style=\"margin-left:38.4px;\">\n<p><strong>Ahorro de tiempo<\/strong><\/p>\n<\/div><\/li><li class=\"fusion-li-item\"><span style=\"height:27.2px;width:27.2px;margin-right:11.2px;\" class=\"icon-wrapper circle-no\"><i class=\"fusion-li-icon fa-arrow-right fas\" style=\"color:#25afb4;\" aria-hidden=\"true\"><\/i><\/span><div class=\"fusion-li-item-content\" style=\"margin-left:38.4px;\">\n<p><strong>Reducci\u00f3n del impacto ambiental<\/strong><\/p>\n<\/div><\/li><li class=\"fusion-li-item\"><span style=\"height:27.2px;width:27.2px;margin-right:11.2px;\" class=\"icon-wrapper circle-no\"><i class=\"fusion-li-icon fa-arrow-right fas\" style=\"color:#25afb4;\" aria-hidden=\"true\"><\/i><\/span><div class=\"fusion-li-item-content\" style=\"margin-left:38.4px;\">\n<p><strong>Reducci\u00f3n de costos operativos<\/strong><\/p>\n<\/div><\/li><\/ul><div class=\"fusion-separator fusion-full-width-sep\" style=\"align-self: center;margin-left: auto;margin-right: auto;width:100%;\"><div class=\"fusion-separator-border sep-double\" style=\"border-color:#e0dede;border-top-width:1px;border-bottom-width:1px;\"><\/div><\/div><div ><span class=\" fusion-imageframe imageframe-none imageframe-2 hover-type-none\"><img decoding=\"async\" width=\"878\" height=\"410\" title=\"safety+ec\" src=\"http:\/\/www.tecnotrust.eu\/es\/wp-content\/uploads\/sites\/9\/2021\/11\/safetyec.png\" class=\"img-responsive wp-image-1478\" srcset=\"https:\/\/www.tecnotrust.eu\/es\/wp-content\/uploads\/sites\/9\/2021\/11\/safetyec-200x93.png 200w, https:\/\/www.tecnotrust.eu\/es\/wp-content\/uploads\/sites\/9\/2021\/11\/safetyec-400x187.png 400w, https:\/\/www.tecnotrust.eu\/es\/wp-content\/uploads\/sites\/9\/2021\/11\/safetyec-600x280.png 600w, https:\/\/www.tecnotrust.eu\/es\/wp-content\/uploads\/sites\/9\/2021\/11\/safetyec-800x374.png 800w, https:\/\/www.tecnotrust.eu\/es\/wp-content\/uploads\/sites\/9\/2021\/11\/safetyec.png 878w\" sizes=\"(max-width: 1024px) 100vw, (max-width: 640px) 100vw, 878px\" \/><\/span><\/div><\/div><style type=\"text\/css\">.fusion-body .fusion-builder-column-0{width:100% !important;margin-top : 0px;margin-bottom : 0px;}.fusion-builder-column-0 > .fusion-column-wrapper {padding-top : 0px !important;padding-right : 0px !important;margin-right : 1.92%;padding-bottom : 0px !important;padding-left : 0px !important;margin-left : 1.92%;}@media only screen and (max-width:1024px) {.fusion-body .fusion-builder-column-0{width:100% !important;order : 1;}.fusion-builder-column-0 > .fusion-column-wrapper {margin-right : 2.88%;margin-left : 2.88%;}}@media only screen and (max-width:640px) {.fusion-body .fusion-builder-column-0{width:100% !important;margin-bottom : 6%;}.fusion-builder-column-0 > .fusion-column-wrapper {margin-right : 1.92%;margin-left : 1.92%;}}<\/style><\/div><\/div><style type=\"text\/css\">.fusion-body .fusion-flex-container.fusion-builder-row-1{ padding-top : 120px;margin-top : 0px;padding-right : 30px;padding-bottom : 120px;margin-bottom : 0px;padding-left : 30px;}<\/style><\/div>\n","protected":false},"excerpt":{"rendered":"","protected":false},"author":1,"featured_media":0,"parent":0,"menu_order":0,"comment_status":"closed","ping_status":"closed","template":"100-width.php","meta":{"_bbp_topic_count":0,"_bbp_reply_count":0,"_bbp_total_topic_count":0,"_bbp_total_reply_count":0,"_bbp_voice_count":0,"_bbp_anonymous_reply_count":0,"_bbp_topic_count_hidden":0,"_bbp_reply_count_hidden":0,"_bbp_forum_subforum_count":0,"content-type":"","footnotes":""},"class_list":["post-726","page","type-page","status-publish","hentry"],"yoast_head":"<!-- This site is optimized with the Yoast SEO plugin v26.9 - https:\/\/yoast.com\/product\/yoast-seo-wordpress\/ -->\n<title>Reciclaje de productos sanitarios - Tecno Trust Srl - espa\u00f1ol<\/title>\n<meta name=\"robots\" content=\"index, follow, max-snippet:-1, max-image-preview:large, max-video-preview:-1\" \/>\n<link rel=\"canonical\" href=\"https:\/\/www.tecnotrust.eu\/es\/riciclo-di-prodotti-sanitari\/\" \/>\n<meta property=\"og:locale\" content=\"es_ES\" \/>\n<meta property=\"og:type\" content=\"article\" \/>\n<meta property=\"og:title\" content=\"Reciclaje de productos sanitarios - Tecno Trust Srl - espa\u00f1ol\" \/>\n<meta property=\"og:url\" content=\"https:\/\/www.tecnotrust.eu\/es\/riciclo-di-prodotti-sanitari\/\" \/>\n<meta property=\"og:site_name\" content=\"Tecno Trust Srl - espa\u00f1ol\" \/>\n<meta property=\"article:modified_time\" content=\"2022-01-10T20:27:34+00:00\" \/>\n<meta name=\"twitter:card\" content=\"summary_large_image\" \/>\n<meta name=\"twitter:label1\" content=\"Tiempo de lectura\" \/>\n\t<meta name=\"twitter:data1\" content=\"8 minutos\" \/>\n<script type=\"application\/ld+json\" class=\"yoast-schema-graph\">{\"@context\":\"https:\/\/schema.org\",\"@graph\":[{\"@type\":\"WebPage\",\"@id\":\"https:\/\/www.tecnotrust.eu\/es\/riciclo-di-prodotti-sanitari\/\",\"url\":\"https:\/\/www.tecnotrust.eu\/es\/riciclo-di-prodotti-sanitari\/\",\"name\":\"Reciclaje de productos sanitarios - Tecno Trust Srl - espa\u00f1ol\",\"isPartOf\":{\"@id\":\"https:\/\/www.tecnotrust.eu\/es\/#website\"},\"datePublished\":\"2021-01-21T21:56:00+00:00\",\"dateModified\":\"2022-01-10T20:27:34+00:00\",\"breadcrumb\":{\"@id\":\"https:\/\/www.tecnotrust.eu\/es\/riciclo-di-prodotti-sanitari\/#breadcrumb\"},\"inLanguage\":\"es\",\"potentialAction\":[{\"@type\":\"ReadAction\",\"target\":[\"https:\/\/www.tecnotrust.eu\/es\/riciclo-di-prodotti-sanitari\/\"]}]},{\"@type\":\"BreadcrumbList\",\"@id\":\"https:\/\/www.tecnotrust.eu\/es\/riciclo-di-prodotti-sanitari\/#breadcrumb\",\"itemListElement\":[{\"@type\":\"ListItem\",\"position\":1,\"name\":\"Home\",\"item\":\"https:\/\/www.tecnotrust.eu\/es\/\"},{\"@type\":\"ListItem\",\"position\":2,\"name\":\"Reciclaje de productos sanitarios\"}]},{\"@type\":\"WebSite\",\"@id\":\"https:\/\/www.tecnotrust.eu\/es\/#website\",\"url\":\"https:\/\/www.tecnotrust.eu\/es\/\",\"name\":\"Tecno Trust Srl - espa\u00f1ol\",\"description\":\"It&#039;s up to us\",\"potentialAction\":[{\"@type\":\"SearchAction\",\"target\":{\"@type\":\"EntryPoint\",\"urlTemplate\":\"https:\/\/www.tecnotrust.eu\/es\/?s={search_term_string}\"},\"query-input\":{\"@type\":\"PropertyValueSpecification\",\"valueRequired\":true,\"valueName\":\"search_term_string\"}}],\"inLanguage\":\"es\"}]}<\/script>\n<!-- \/ Yoast SEO plugin. -->","yoast_head_json":{"title":"Reciclaje de productos sanitarios - Tecno Trust Srl - espa\u00f1ol","robots":{"index":"index","follow":"follow","max-snippet":"max-snippet:-1","max-image-preview":"max-image-preview:large","max-video-preview":"max-video-preview:-1"},"canonical":"https:\/\/www.tecnotrust.eu\/es\/riciclo-di-prodotti-sanitari\/","og_locale":"es_ES","og_type":"article","og_title":"Reciclaje de productos sanitarios - Tecno Trust Srl - espa\u00f1ol","og_url":"https:\/\/www.tecnotrust.eu\/es\/riciclo-di-prodotti-sanitari\/","og_site_name":"Tecno Trust Srl - espa\u00f1ol","article_modified_time":"2022-01-10T20:27:34+00:00","twitter_card":"summary_large_image","twitter_misc":{"Tiempo de lectura":"8 minutos"},"schema":{"@context":"https:\/\/schema.org","@graph":[{"@type":"WebPage","@id":"https:\/\/www.tecnotrust.eu\/es\/riciclo-di-prodotti-sanitari\/","url":"https:\/\/www.tecnotrust.eu\/es\/riciclo-di-prodotti-sanitari\/","name":"Reciclaje de productos sanitarios - Tecno Trust Srl - espa\u00f1ol","isPartOf":{"@id":"https:\/\/www.tecnotrust.eu\/es\/#website"},"datePublished":"2021-01-21T21:56:00+00:00","dateModified":"2022-01-10T20:27:34+00:00","breadcrumb":{"@id":"https:\/\/www.tecnotrust.eu\/es\/riciclo-di-prodotti-sanitari\/#breadcrumb"},"inLanguage":"es","potentialAction":[{"@type":"ReadAction","target":["https:\/\/www.tecnotrust.eu\/es\/riciclo-di-prodotti-sanitari\/"]}]},{"@type":"BreadcrumbList","@id":"https:\/\/www.tecnotrust.eu\/es\/riciclo-di-prodotti-sanitari\/#breadcrumb","itemListElement":[{"@type":"ListItem","position":1,"name":"Home","item":"https:\/\/www.tecnotrust.eu\/es\/"},{"@type":"ListItem","position":2,"name":"Reciclaje de productos sanitarios"}]},{"@type":"WebSite","@id":"https:\/\/www.tecnotrust.eu\/es\/#website","url":"https:\/\/www.tecnotrust.eu\/es\/","name":"Tecno Trust Srl - espa\u00f1ol","description":"It&#039;s up to us","potentialAction":[{"@type":"SearchAction","target":{"@type":"EntryPoint","urlTemplate":"https:\/\/www.tecnotrust.eu\/es\/?s={search_term_string}"},"query-input":{"@type":"PropertyValueSpecification","valueRequired":true,"valueName":"search_term_string"}}],"inLanguage":"es"}]}},"_links":{"self":[{"href":"https:\/\/www.tecnotrust.eu\/es\/wp-json\/wp\/v2\/pages\/726","targetHints":{"allow":["GET"]}}],"collection":[{"href":"https:\/\/www.tecnotrust.eu\/es\/wp-json\/wp\/v2\/pages"}],"about":[{"href":"https:\/\/www.tecnotrust.eu\/es\/wp-json\/wp\/v2\/types\/page"}],"author":[{"embeddable":true,"href":"https:\/\/www.tecnotrust.eu\/es\/wp-json\/wp\/v2\/users\/1"}],"replies":[{"embeddable":true,"href":"https:\/\/www.tecnotrust.eu\/es\/wp-json\/wp\/v2\/comments?post=726"}],"version-history":[{"count":32,"href":"https:\/\/www.tecnotrust.eu\/es\/wp-json\/wp\/v2\/pages\/726\/revisions"}],"predecessor-version":[{"id":1560,"href":"https:\/\/www.tecnotrust.eu\/es\/wp-json\/wp\/v2\/pages\/726\/revisions\/1560"}],"wp:attachment":[{"href":"https:\/\/www.tecnotrust.eu\/es\/wp-json\/wp\/v2\/media?parent=726"}],"curies":[{"name":"wp","href":"https:\/\/api.w.org\/{rel}","templated":true}]}}