{"id":807,"date":"2021-01-28T22:38:44","date_gmt":"2021-01-28T21:38:44","guid":{"rendered":"http:\/\/www.tecnotrust.eu\/es\/?page_id=807"},"modified":"2022-01-28T12:33:40","modified_gmt":"2022-01-28T11:33:40","slug":"cateterismo","status":"publish","type":"page","link":"https:\/\/www.tecnotrust.eu\/es\/cateterismo\/","title":{"rendered":"Cateterismo"},"content":{"rendered":"<div class=\"fusion-fullwidth fullwidth-box fusion-builder-row-1 fusion-flex-container nonhundred-percent-fullwidth non-hundred-percent-height-scrolling\" style=\"background-color: #f8f8f8;background-position: center center;background-repeat: no-repeat;border-width: 0px 0px 0px 0px;border-color:#eae9e9;border-style:solid;\" ><div class=\"fusion-builder-row fusion-row fusion-flex-align-items-center\" style=\"max-width:1216.8px;margin-left: calc(-4% \/ 2 );margin-right: calc(-4% \/ 2 );\"><div class=\"fusion-layout-column fusion_builder_column fusion-builder-column-0 fusion_builder_column_1_1 1_1 fusion-flex-column portfolio_block\"><div class=\"fusion-column-wrapper fusion-flex-justify-content-center fusion-content-layout-block\" style=\"background-position:left top;background-repeat:no-repeat;-webkit-background-size:cover;-moz-background-size:cover;-o-background-size:cover;background-size:cover;padding: 0px 0px 0px 0px;\"><span class=\" fusion-imageframe imageframe-none imageframe-1 hover-type-none\"><img decoding=\"async\" width=\"1024\" height=\"832\" title=\"try es\u00f9 2\" src=\"http:\/\/www.tecnotrust.eu\/es\/wp-content\/uploads\/sites\/9\/2022\/01\/try-esu-2-1024x832.jpg\" class=\"img-responsive wp-image-1562\" srcset=\"https:\/\/www.tecnotrust.eu\/es\/wp-content\/uploads\/sites\/9\/2022\/01\/try-esu-2-200x163.jpg 200w, https:\/\/www.tecnotrust.eu\/es\/wp-content\/uploads\/sites\/9\/2022\/01\/try-esu-2-400x325.jpg 400w, https:\/\/www.tecnotrust.eu\/es\/wp-content\/uploads\/sites\/9\/2022\/01\/try-esu-2-600x488.jpg 600w, https:\/\/www.tecnotrust.eu\/es\/wp-content\/uploads\/sites\/9\/2022\/01\/try-esu-2-800x650.jpg 800w, https:\/\/www.tecnotrust.eu\/es\/wp-content\/uploads\/sites\/9\/2022\/01\/try-esu-2-1200x975.jpg 1200w, https:\/\/www.tecnotrust.eu\/es\/wp-content\/uploads\/sites\/9\/2022\/01\/try-esu-2-scaled.jpg 2560w\" sizes=\"(max-width: 1024px) 100vw, (max-width: 640px) 100vw, 1200px\" \/><\/span><div class=\"fusion-section-separator section-separator triangle fusion-section-separator-1\"><div class=\"fusion-section-separator-svg\" style=\"border-top:12px solid #f6f6f6;\"><div class=\"section-separator-icon icon fa-bars fas\" style=\"color:#ffffff;top:-22px;\" aria-hidden=\"true\"><\/div><div class=\"divider-candy-arrow top\" style=\"bottom:12px;border-bottom-color: #f6f6f6;\"><\/div><div class=\"divider-candy top\" style=\"top:-32px;border-bottom:1px solid #f6f6f6;border-left:1px solid #f6f6f6;\"><\/div><\/div><div class=\"fusion-section-separator-spacer\"><div class=\"fusion-section-separator-spacer-height\" style=\"height:12px;\"><\/div><\/div><style type=\"text\/css\">.fusion-section-separator-1 .fusion-section-separator-svg {margin-left:1.92%;margin-right:1.92%;}@media only screen and (max-width:1024px) {.fusion-section-separator-1 .fusion-section-separator-svg {margin-left:2.88%;margin-right:2.88%;}}@media only screen and (max-width:640px) {.fusion-section-separator-1 .fusion-section-separator-svg {margin-left:1.92%;margin-right:1.92%;}}<\/style><\/div><div class=\"fusion-section-separator section-separator triangle fusion-section-separator-2\"><div class=\"fusion-section-separator-svg\" style=\"border-top:12px solid #f6f6f6;\"><div class=\"section-separator-icon icon fa-bars fas\" style=\"color:#ffffff;top:-22px;\" aria-hidden=\"true\"><\/div><div class=\"divider-candy-arrow top\" style=\"bottom:12px;border-bottom-color: #f6f6f6;\"><\/div><div class=\"divider-candy top\" style=\"top:-32px;border-bottom:1px solid #f6f6f6;border-left:1px solid #f6f6f6;\"><\/div><\/div><div class=\"fusion-section-separator-spacer\"><div class=\"fusion-section-separator-spacer-height\" style=\"height:12px;\"><\/div><\/div><style type=\"text\/css\">.fusion-section-separator-2 .fusion-section-separator-svg {margin-left:1.92%;margin-right:1.92%;}@media only screen and (max-width:1024px) {.fusion-section-separator-2 .fusion-section-separator-svg {margin-left:2.88%;margin-right:2.88%;}}@media only screen and (max-width:640px) {.fusion-section-separator-2 .fusion-section-separator-svg {margin-left:1.92%;margin-right:1.92%;}}<\/style><\/div><style type=\"text\/css\">.fusion-portfolio-wrapper#fusion-portfolio-1 .fusion-portfolio-content{  text-align: left; }<\/style><div class=\"fusion-recent-works fusion-portfolio-element fusion-portfolio fusion-portfolio-1 fusion-portfolio-grid fusion-portfolio-paging-infinite fusion-portfolio-five fusion-portfolio-unboxed fusion-portfolio-text fusion-portfolio-rollover portfolio_class\" data-id=\"-rw-1\" data-columns=\"five\"><style type=\"text\/css\">.fusion-portfolio-1 .fusion-portfolio-wrapper .fusion-col-spacing{padding:10px;}<\/style><div class=\"fusion-portfolio-wrapper\" id=\"fusion-portfolio-1\" data-picturesize=\"auto\" data-pages=\"1\" style=\"margin:-10px;\"><article id=\"portfolio-1-post-804\" class=\"fusion-portfolio-post cateterismo fusion-col-spacing post-804\"><div class=\"fusion-portfolio-content-wrapper\" style=\"border:none;\"><span class=\"vcard rich-snippet-hidden\"><span class=\"fn\"><a href=\"https:\/\/www.tecnotrust.eu\/es\/blog\/author\/maurizio\/\" title=\"Entradas de Admin\" rel=\"author\">Admin<\/a><\/span><\/span><span class=\"updated rich-snippet-hidden\">2021-12-02T09:29:36+01:00<\/span><div  class=\"fusion-image-wrapper\" aria-haspopup=\"true\">\n\t\t\t\t  <img decoding=\"async\" width=\"1577\" height=\"2560\" src=\"https:\/\/www.tecnotrust.eu\/es\/wp-content\/uploads\/sites\/9\/2021\/11\/DSC2688-_B-copia-1-scaled.jpg\" class=\"attachment-full size-full wp-post-image\" alt=\"\" srcset=\"https:\/\/www.tecnotrust.eu\/es\/wp-content\/uploads\/sites\/9\/2021\/11\/DSC2688-_B-copia-1-200x325.jpg 200w, https:\/\/www.tecnotrust.eu\/es\/wp-content\/uploads\/sites\/9\/2021\/11\/DSC2688-_B-copia-1-400x649.jpg 400w, https:\/\/www.tecnotrust.eu\/es\/wp-content\/uploads\/sites\/9\/2021\/11\/DSC2688-_B-copia-1-600x974.jpg 600w, https:\/\/www.tecnotrust.eu\/es\/wp-content\/uploads\/sites\/9\/2021\/11\/DSC2688-_B-copia-1-800x1298.jpg 800w, https:\/\/www.tecnotrust.eu\/es\/wp-content\/uploads\/sites\/9\/2021\/11\/DSC2688-_B-copia-1-1200x1947.jpg 1200w, https:\/\/www.tecnotrust.eu\/es\/wp-content\/uploads\/sites\/9\/2021\/11\/DSC2688-_B-copia-1-scaled.jpg 1577w\" sizes=\"(min-width: 2200px) 100vw, (min-width: 1088px) 218px, (min-width: 976px) 273px, (min-width: 864px) 363px, (min-width: 752px) 545px, (min-width: 640px) 752px, \" \/><div class=\"fusion-rollover\">\n\t<div class=\"fusion-rollover-content\">\n\n\t\t\t\t\t\t\t\t\t\t\t\t\t\t<a class=\"fusion-rollover-link\" href=\"https:\/\/www.tecnotrust.eu\/es\/blog\/portfolio-items\/clean-bags-d1\/?portfolioCats=14\">CleanBags\/D1<\/a>\n\t\t\t\n\t\t\t\t\t\t\t\t\n\t\t\n\t\t\t\t\t\t\t\t\n\t\t\t\t\t\t\t\t\n\t\t\n\t\t\t\t\t\t<a class=\"fusion-link-wrapper\" href=\"https:\/\/www.tecnotrust.eu\/es\/blog\/portfolio-items\/clean-bags-d1\/?portfolioCats=14\" aria-label=\"CleanBags\/D1\"><\/a>\n\t<\/div>\n<\/div>\n<\/div>\n<div class=\"fusion-portfolio-content\"><h2 class=\"entry-title fusion-post-title\"><a href=\"https:\/\/www.tecnotrust.eu\/es\/blog\/portfolio-items\/clean-bags-d1\/?portfolioCats=14\">CleanBags\/D1<\/a><\/h2><div class=\"fusion-post-content\"><p>ART. No: 4300275<br><br>\r\nLa m\u00e1quina operada manualmente para vaciar y desinfectar internamente bolsas de orina desechables, liners quir\u00fargicos y bolsas de di\u00e1lisis.<\/p><\/div><\/div><\/div><\/article><article id=\"portfolio-1-post-810\" class=\"fusion-portfolio-post cateterismo fusion-col-spacing post-810\"><div class=\"fusion-portfolio-content-wrapper\" style=\"border:none;\"><span class=\"vcard rich-snippet-hidden\"><span class=\"fn\"><a href=\"https:\/\/www.tecnotrust.eu\/es\/blog\/author\/maurizio\/\" title=\"Entradas de Admin\" rel=\"author\">Admin<\/a><\/span><\/span><span class=\"updated rich-snippet-hidden\">2021-12-02T09:21:57+01:00<\/span><div  class=\"fusion-image-wrapper\" aria-haspopup=\"true\">\n\t\t\t\t  <img decoding=\"async\" width=\"1620\" height=\"2560\" src=\"https:\/\/www.tecnotrust.eu\/es\/wp-content\/uploads\/sites\/9\/2021\/11\/DSC2677-Modifica_B-copia-1-scaled.jpg\" class=\"attachment-full size-full wp-post-image\" alt=\"\" \/><div class=\"fusion-rollover\">\n\t<div class=\"fusion-rollover-content\">\n\n\t\t\t\t\t\t\t\t\t\t\t\t\t\t<a class=\"fusion-rollover-link\" href=\"https:\/\/www.tecnotrust.eu\/es\/blog\/portfolio-items\/clean-bags-d2\/?portfolioCats=14\">CleanBags\/D2<\/a>\n\t\t\t\n\t\t\t\t\t\t\t\t\n\t\t\n\t\t\t\t\t\t\t\t\n\t\t\t\t\t\t\t\t\n\t\t\n\t\t\t\t\t\t<a class=\"fusion-link-wrapper\" href=\"https:\/\/www.tecnotrust.eu\/es\/blog\/portfolio-items\/clean-bags-d2\/?portfolioCats=14\" aria-label=\"CleanBags\/D2\"><\/a>\n\t<\/div>\n<\/div>\n<\/div>\n<div class=\"fusion-portfolio-content\"><h2 class=\"entry-title fusion-post-title\"><a href=\"https:\/\/www.tecnotrust.eu\/es\/blog\/portfolio-items\/clean-bags-d2\/?portfolioCats=14\">CleanBags\/D2<\/a><\/h2><div class=\"fusion-post-content\"><p>ART. No: 4300250<br><br>\r\nLa m\u00e1quina autom\u00e1tica operada manualmente para vaciar y desinfectar bolsas de orina desechables y bolsas de di\u00e1lisis internamente. Sistema autom\u00e1tico de recogida de bolsas al final del ciclo.<\/p><\/div><\/div><\/div><\/article><article id=\"portfolio-1-post-813\" class=\"fusion-portfolio-post cateterismo fusion-col-spacing post-813\"><div class=\"fusion-portfolio-content-wrapper\" style=\"border:none;\"><span class=\"vcard rich-snippet-hidden\"><span class=\"fn\"><a href=\"https:\/\/www.tecnotrust.eu\/es\/blog\/author\/maurizio\/\" title=\"Entradas de Admin\" rel=\"author\">Admin<\/a><\/span><\/span><span class=\"updated rich-snippet-hidden\">2021-12-02T09:10:33+01:00<\/span><div  class=\"fusion-image-wrapper\" aria-haspopup=\"true\">\n\t\t\t\t  <img decoding=\"async\" width=\"600\" height=\"750\" src=\"https:\/\/www.tecnotrust.eu\/es\/wp-content\/uploads\/sites\/9\/2021\/01\/pronto_valve_600x750_72dpi.png\" class=\"attachment-full size-full wp-post-image\" alt=\"\" srcset=\"https:\/\/www.tecnotrust.eu\/es\/wp-content\/uploads\/sites\/9\/2021\/01\/pronto_valve_600x750_72dpi-200x250.png 200w, https:\/\/www.tecnotrust.eu\/es\/wp-content\/uploads\/sites\/9\/2021\/01\/pronto_valve_600x750_72dpi-400x500.png 400w, https:\/\/www.tecnotrust.eu\/es\/wp-content\/uploads\/sites\/9\/2021\/01\/pronto_valve_600x750_72dpi.png 600w\" sizes=\"(min-width: 2200px) 100vw, (min-width: 1088px) 218px, (min-width: 976px) 273px, (min-width: 864px) 363px, (min-width: 752px) 545px, (min-width: 640px) 752px, \" \/><div class=\"fusion-rollover\">\n\t<div class=\"fusion-rollover-content\">\n\n\t\t\t\t\t\t\t\t\t\t\t\t\t\t<a class=\"fusion-rollover-link\" href=\"https:\/\/www.tecnotrust.eu\/es\/blog\/portfolio-items\/pronto-valve\/?portfolioCats=14\">ProntoValve<\/a>\n\t\t\t\n\t\t\t\t\t\t\t\t\n\t\t\n\t\t\t\t\t\t\t\t\n\t\t\t\t\t\t\t\t\n\t\t\n\t\t\t\t\t\t<a class=\"fusion-link-wrapper\" href=\"https:\/\/www.tecnotrust.eu\/es\/blog\/portfolio-items\/pronto-valve\/?portfolioCats=14\" aria-label=\"ProntoValve\"><\/a>\n\t<\/div>\n<\/div>\n<\/div>\n<div class=\"fusion-portfolio-content\"><h2 class=\"entry-title fusion-post-title\"><a href=\"https:\/\/www.tecnotrust.eu\/es\/blog\/portfolio-items\/pronto-valve\/?portfolioCats=14\">ProntoValve<\/a><\/h2><div class=\"fusion-post-content\"><p>ART. No: 4300475<br><br>\r\nLa v\u00e1lvula de membrana de silicona herm\u00e9ticamente sellada, dise\u00f1ada para facilitar, acelerar y hacer seguro insertar y retirar el tubo de drenaje del cat\u00e9ter para evitar infecciones del tracto urinario.<\/p><\/div><\/div><\/div><\/article><article id=\"portfolio-1-post-818\" class=\"fusion-portfolio-post cateterismo fusion-col-spacing post-818\"><div class=\"fusion-portfolio-content-wrapper\" style=\"border:none;\"><span class=\"vcard rich-snippet-hidden\"><span class=\"fn\"><a href=\"https:\/\/www.tecnotrust.eu\/es\/blog\/author\/maurizio\/\" title=\"Entradas de Admin\" rel=\"author\">Admin<\/a><\/span><\/span><span class=\"updated rich-snippet-hidden\">2022-01-10T00:15:42+01:00<\/span><div  class=\"fusion-image-wrapper\" aria-haspopup=\"true\">\n\t\t\t\t  <img decoding=\"async\" width=\"1994\" height=\"2387\" src=\"https:\/\/www.tecnotrust.eu\/es\/wp-content\/uploads\/sites\/9\/2021\/11\/DSC2665-Modifica_-B-copia.jpg\" class=\"attachment-full size-full wp-post-image\" alt=\"\" srcset=\"https:\/\/www.tecnotrust.eu\/es\/wp-content\/uploads\/sites\/9\/2021\/11\/DSC2665-Modifica_-B-copia-200x239.jpg 200w, https:\/\/www.tecnotrust.eu\/es\/wp-content\/uploads\/sites\/9\/2021\/11\/DSC2665-Modifica_-B-copia-400x479.jpg 400w, https:\/\/www.tecnotrust.eu\/es\/wp-content\/uploads\/sites\/9\/2021\/11\/DSC2665-Modifica_-B-copia-600x718.jpg 600w, https:\/\/www.tecnotrust.eu\/es\/wp-content\/uploads\/sites\/9\/2021\/11\/DSC2665-Modifica_-B-copia-800x958.jpg 800w, https:\/\/www.tecnotrust.eu\/es\/wp-content\/uploads\/sites\/9\/2021\/11\/DSC2665-Modifica_-B-copia-1200x1437.jpg 1200w, https:\/\/www.tecnotrust.eu\/es\/wp-content\/uploads\/sites\/9\/2021\/11\/DSC2665-Modifica_-B-copia.jpg 1994w\" sizes=\"(min-width: 2200px) 100vw, (min-width: 1088px) 218px, (min-width: 976px) 273px, (min-width: 864px) 363px, (min-width: 752px) 545px, (min-width: 640px) 752px, \" \/><div class=\"fusion-rollover\">\n\t<div class=\"fusion-rollover-content\">\n\n\t\t\t\t\t\t\t\t\t\t\t\t\t\t<a class=\"fusion-rollover-link\" href=\"https:\/\/www.tecnotrust.eu\/es\/blog\/portfolio-items\/pronto-bags\/?portfolioCats=14\">ProntoBags<\/a>\n\t\t\t\n\t\t\t\t\t\t\t\t\n\t\t\n\t\t\t\t\t\t\t\t\n\t\t\t\t\t\t\t\t\n\t\t\n\t\t\t\t\t\t<a class=\"fusion-link-wrapper\" href=\"https:\/\/www.tecnotrust.eu\/es\/blog\/portfolio-items\/pronto-bags\/?portfolioCats=14\" aria-label=\"ProntoBags\"><\/a>\n\t<\/div>\n<\/div>\n<\/div>\n<div class=\"fusion-portfolio-content\"><h2 class=\"entry-title fusion-post-title\"><a href=\"https:\/\/www.tecnotrust.eu\/es\/blog\/portfolio-items\/pronto-bags\/?portfolioCats=14\">ProntoBags<\/a><\/h2><div class=\"fusion-post-content\"><p>ART. No: 4300300<br><br>\r\nEl completo sistema de asistencia al operador para la sustituci\u00f3n, recogida y transporte seguros de bolsas de di\u00e1lisis y orina.<\/p><\/div><\/div><\/div><\/article><article id=\"portfolio-1-post-821\" class=\"fusion-portfolio-post cateterismo fusion-col-spacing post-821\"><div class=\"fusion-portfolio-content-wrapper\" style=\"border:none;\"><span class=\"vcard rich-snippet-hidden\"><span class=\"fn\"><a href=\"https:\/\/www.tecnotrust.eu\/es\/blog\/author\/maurizio\/\" title=\"Entradas de Admin\" rel=\"author\">Admin<\/a><\/span><\/span><span class=\"updated rich-snippet-hidden\">2021-12-02T08:54:41+01:00<\/span><div  class=\"fusion-image-wrapper\" aria-haspopup=\"true\">\n\t\t\t\t  <img decoding=\"async\" width=\"1600\" height=\"1062\" src=\"https:\/\/www.tecnotrust.eu\/es\/wp-content\/uploads\/sites\/9\/2021\/11\/IMG-20211124-WA0009.jpg\" class=\"attachment-full size-full wp-post-image\" alt=\"\" srcset=\"https:\/\/www.tecnotrust.eu\/es\/wp-content\/uploads\/sites\/9\/2021\/11\/IMG-20211124-WA0009-200x133.jpg 200w, https:\/\/www.tecnotrust.eu\/es\/wp-content\/uploads\/sites\/9\/2021\/11\/IMG-20211124-WA0009-400x266.jpg 400w, https:\/\/www.tecnotrust.eu\/es\/wp-content\/uploads\/sites\/9\/2021\/11\/IMG-20211124-WA0009-600x398.jpg 600w, https:\/\/www.tecnotrust.eu\/es\/wp-content\/uploads\/sites\/9\/2021\/11\/IMG-20211124-WA0009-800x531.jpg 800w, https:\/\/www.tecnotrust.eu\/es\/wp-content\/uploads\/sites\/9\/2021\/11\/IMG-20211124-WA0009-1200x797.jpg 1200w, https:\/\/www.tecnotrust.eu\/es\/wp-content\/uploads\/sites\/9\/2021\/11\/IMG-20211124-WA0009.jpg 1600w\" sizes=\"(min-width: 2200px) 100vw, (min-width: 1088px) 218px, (min-width: 976px) 273px, (min-width: 864px) 363px, (min-width: 752px) 545px, (min-width: 640px) 752px, \" \/><div class=\"fusion-rollover\">\n\t<div class=\"fusion-rollover-content\">\n\n\t\t\t\t\t\t\t\t\t\t\t\t\t\t<a class=\"fusion-rollover-link\" href=\"https:\/\/www.tecnotrust.eu\/es\/blog\/portfolio-items\/secure-bag\/?portfolioCats=14\">SecureBag<\/a>\n\t\t\t\n\t\t\t\t\t\t\t\t\n\t\t\n\t\t\t\t\t\t\t\t\n\t\t\t\t\t\t\t\t\n\t\t\n\t\t\t\t\t\t<a class=\"fusion-link-wrapper\" href=\"https:\/\/www.tecnotrust.eu\/es\/blog\/portfolio-items\/secure-bag\/?portfolioCats=14\" aria-label=\"SecureBag\"><\/a>\n\t<\/div>\n<\/div>\n<\/div>\n<div class=\"fusion-portfolio-content\"><h2 class=\"entry-title fusion-post-title\"><a href=\"https:\/\/www.tecnotrust.eu\/es\/blog\/portfolio-items\/secure-bag\/?portfolioCats=14\">SecureBag<\/a><\/h2><div class=\"fusion-post-content\"><p>ART. No: 4300165<br><br>\r\nLa bolsa de orina desechable con almohadilla polim\u00e9rica altamente absorbente que la hace m\u00e1s segura para ser manipulada por los profesionales de la salud, muy apreciada en las salas de enfermedades infecciosas.<\/p><\/div><\/div><\/div><\/article><\/div><\/div><\/div><style type=\"text\/css\">.fusion-body .fusion-builder-column-0{width:100% !important;margin-top : 0px;margin-bottom : 0px;}.fusion-builder-column-0 > .fusion-column-wrapper {padding-top : 0px !important;padding-right : 0px !important;margin-right : 1.92%;padding-bottom : 0px !important;padding-left : 0px !important;margin-left : 1.92%;}@media only screen and (max-width:1024px) {.fusion-body .fusion-builder-column-0{width:100% !important;order : 1;}.fusion-builder-column-0 > .fusion-column-wrapper {margin-right : 2.88%;margin-left : 2.88%;}}@media only screen and (max-width:640px) {.fusion-body .fusion-builder-column-0{width:100% !important;margin-bottom : 6%;}.fusion-builder-column-0 > .fusion-column-wrapper {margin-right : 1.92%;margin-left : 1.92%;}}<\/style><\/div><\/div><style type=\"text\/css\">.fusion-body .fusion-flex-container.fusion-builder-row-1{ padding-top : 120px;margin-top : 0px;padding-right : 30px;padding-bottom : 120px;margin-bottom : 0px;padding-left : 30px;}<\/style><\/div>\n","protected":false},"excerpt":{"rendered":"","protected":false},"author":1,"featured_media":0,"parent":0,"menu_order":0,"comment_status":"closed","ping_status":"closed","template":"100-width.php","meta":{"_bbp_topic_count":0,"_bbp_reply_count":0,"_bbp_total_topic_count":0,"_bbp_total_reply_count":0,"_bbp_voice_count":0,"_bbp_anonymous_reply_count":0,"_bbp_topic_count_hidden":0,"_bbp_reply_count_hidden":0,"_bbp_forum_subforum_count":0,"content-type":"","footnotes":""},"class_list":["post-807","page","type-page","status-publish","hentry"],"yoast_head":"<!-- This site is optimized with the Yoast SEO plugin v26.9 - https:\/\/yoast.com\/product\/yoast-seo-wordpress\/ -->\n<title>Cateterismo - Tecno Trust Srl - espa\u00f1ol<\/title>\n<meta name=\"robots\" content=\"index, follow, max-snippet:-1, max-image-preview:large, max-video-preview:-1\" \/>\n<link rel=\"canonical\" href=\"https:\/\/www.tecnotrust.eu\/es\/cateterismo\/\" \/>\n<meta property=\"og:locale\" content=\"es_ES\" \/>\n<meta property=\"og:type\" content=\"article\" \/>\n<meta property=\"og:title\" content=\"Cateterismo - Tecno Trust Srl - espa\u00f1ol\" \/>\n<meta property=\"og:url\" content=\"https:\/\/www.tecnotrust.eu\/es\/cateterismo\/\" \/>\n<meta property=\"og:site_name\" content=\"Tecno Trust Srl - espa\u00f1ol\" \/>\n<meta property=\"article:modified_time\" content=\"2022-01-28T11:33:40+00:00\" \/>\n<meta name=\"twitter:card\" content=\"summary_large_image\" \/>\n<meta name=\"twitter:label1\" content=\"Tiempo de lectura\" \/>\n\t<meta name=\"twitter:data1\" content=\"1 minuto\" \/>\n<script type=\"application\/ld+json\" class=\"yoast-schema-graph\">{\"@context\":\"https:\/\/schema.org\",\"@graph\":[{\"@type\":\"WebPage\",\"@id\":\"https:\/\/www.tecnotrust.eu\/es\/cateterismo\/\",\"url\":\"https:\/\/www.tecnotrust.eu\/es\/cateterismo\/\",\"name\":\"Cateterismo - Tecno Trust Srl - espa\u00f1ol\",\"isPartOf\":{\"@id\":\"https:\/\/www.tecnotrust.eu\/es\/#website\"},\"datePublished\":\"2021-01-28T21:38:44+00:00\",\"dateModified\":\"2022-01-28T11:33:40+00:00\",\"breadcrumb\":{\"@id\":\"https:\/\/www.tecnotrust.eu\/es\/cateterismo\/#breadcrumb\"},\"inLanguage\":\"es\",\"potentialAction\":[{\"@type\":\"ReadAction\",\"target\":[\"https:\/\/www.tecnotrust.eu\/es\/cateterismo\/\"]}]},{\"@type\":\"BreadcrumbList\",\"@id\":\"https:\/\/www.tecnotrust.eu\/es\/cateterismo\/#breadcrumb\",\"itemListElement\":[{\"@type\":\"ListItem\",\"position\":1,\"name\":\"Home\",\"item\":\"https:\/\/www.tecnotrust.eu\/es\/\"},{\"@type\":\"ListItem\",\"position\":2,\"name\":\"Cateterismo\"}]},{\"@type\":\"WebSite\",\"@id\":\"https:\/\/www.tecnotrust.eu\/es\/#website\",\"url\":\"https:\/\/www.tecnotrust.eu\/es\/\",\"name\":\"Tecno Trust Srl - espa\u00f1ol\",\"description\":\"It&#039;s up to us\",\"potentialAction\":[{\"@type\":\"SearchAction\",\"target\":{\"@type\":\"EntryPoint\",\"urlTemplate\":\"https:\/\/www.tecnotrust.eu\/es\/?s={search_term_string}\"},\"query-input\":{\"@type\":\"PropertyValueSpecification\",\"valueRequired\":true,\"valueName\":\"search_term_string\"}}],\"inLanguage\":\"es\"}]}<\/script>\n<!-- \/ Yoast SEO plugin. -->","yoast_head_json":{"title":"Cateterismo - Tecno Trust Srl - espa\u00f1ol","robots":{"index":"index","follow":"follow","max-snippet":"max-snippet:-1","max-image-preview":"max-image-preview:large","max-video-preview":"max-video-preview:-1"},"canonical":"https:\/\/www.tecnotrust.eu\/es\/cateterismo\/","og_locale":"es_ES","og_type":"article","og_title":"Cateterismo - Tecno Trust Srl - espa\u00f1ol","og_url":"https:\/\/www.tecnotrust.eu\/es\/cateterismo\/","og_site_name":"Tecno Trust Srl - espa\u00f1ol","article_modified_time":"2022-01-28T11:33:40+00:00","twitter_card":"summary_large_image","twitter_misc":{"Tiempo de lectura":"1 minuto"},"schema":{"@context":"https:\/\/schema.org","@graph":[{"@type":"WebPage","@id":"https:\/\/www.tecnotrust.eu\/es\/cateterismo\/","url":"https:\/\/www.tecnotrust.eu\/es\/cateterismo\/","name":"Cateterismo - Tecno Trust Srl - espa\u00f1ol","isPartOf":{"@id":"https:\/\/www.tecnotrust.eu\/es\/#website"},"datePublished":"2021-01-28T21:38:44+00:00","dateModified":"2022-01-28T11:33:40+00:00","breadcrumb":{"@id":"https:\/\/www.tecnotrust.eu\/es\/cateterismo\/#breadcrumb"},"inLanguage":"es","potentialAction":[{"@type":"ReadAction","target":["https:\/\/www.tecnotrust.eu\/es\/cateterismo\/"]}]},{"@type":"BreadcrumbList","@id":"https:\/\/www.tecnotrust.eu\/es\/cateterismo\/#breadcrumb","itemListElement":[{"@type":"ListItem","position":1,"name":"Home","item":"https:\/\/www.tecnotrust.eu\/es\/"},{"@type":"ListItem","position":2,"name":"Cateterismo"}]},{"@type":"WebSite","@id":"https:\/\/www.tecnotrust.eu\/es\/#website","url":"https:\/\/www.tecnotrust.eu\/es\/","name":"Tecno Trust Srl - espa\u00f1ol","description":"It&#039;s up to us","potentialAction":[{"@type":"SearchAction","target":{"@type":"EntryPoint","urlTemplate":"https:\/\/www.tecnotrust.eu\/es\/?s={search_term_string}"},"query-input":{"@type":"PropertyValueSpecification","valueRequired":true,"valueName":"search_term_string"}}],"inLanguage":"es"}]}},"_links":{"self":[{"href":"https:\/\/www.tecnotrust.eu\/es\/wp-json\/wp\/v2\/pages\/807","targetHints":{"allow":["GET"]}}],"collection":[{"href":"https:\/\/www.tecnotrust.eu\/es\/wp-json\/wp\/v2\/pages"}],"about":[{"href":"https:\/\/www.tecnotrust.eu\/es\/wp-json\/wp\/v2\/types\/page"}],"author":[{"embeddable":true,"href":"https:\/\/www.tecnotrust.eu\/es\/wp-json\/wp\/v2\/users\/1"}],"replies":[{"embeddable":true,"href":"https:\/\/www.tecnotrust.eu\/es\/wp-json\/wp\/v2\/comments?post=807"}],"version-history":[{"count":18,"href":"https:\/\/www.tecnotrust.eu\/es\/wp-json\/wp\/v2\/pages\/807\/revisions"}],"predecessor-version":[{"id":1565,"href":"https:\/\/www.tecnotrust.eu\/es\/wp-json\/wp\/v2\/pages\/807\/revisions\/1565"}],"wp:attachment":[{"href":"https:\/\/www.tecnotrust.eu\/es\/wp-json\/wp\/v2\/media?parent=807"}],"curies":[{"name":"wp","href":"https:\/\/api.w.org\/{rel}","templated":true}]}}